{"id":18661,"date":"2024-12-03T14:42:36","date_gmt":"2024-12-03T13:42:36","guid":{"rendered":"https:\/\/www.mikrobalpina.org\/?page_id=18661"},"modified":"2024-12-04T21:23:55","modified_gmt":"2024-12-04T20:23:55","slug":"sound-of-science","status":"publish","type":"page","link":"https:\/\/www.mikrobalpina.org\/it\/sound-of-science\/","title":{"rendered":"Sound of Science"},"content":{"rendered":"[vc_row type=&#8221;in_container&#8221; full_screen_row_position=&#8221;middle&#8221; column_margin=&#8221;default&#8221; column_direction=&#8221;default&#8221; column_direction_tablet=&#8221;default&#8221; column_direction_phone=&#8221;default&#8221; scene_position=&#8221;center&#8221; text_color=&#8221;dark&#8221; text_align=&#8221;left&#8221; row_border_radius=&#8221;none&#8221; row_border_radius_applies=&#8221;bg&#8221; overflow=&#8221;visible&#8221; overlay_strength=&#8221;0.3&#8243; gradient_direction=&#8221;left_to_right&#8221; shape_divider_position=&#8221;bottom&#8221; bg_image_animation=&#8221;none&#8221;][vc_column column_padding=&#8221;no-extra-padding&#8221; column_padding_tablet=&#8221;inherit&#8221; column_padding_phone=&#8221;inherit&#8221; column_padding_position=&#8221;all&#8221; column_element_direction_desktop=&#8221;default&#8221; column_element_spacing=&#8221;default&#8221; desktop_text_alignment=&#8221;default&#8221; tablet_text_alignment=&#8221;default&#8221; phone_text_alignment=&#8221;default&#8221; background_color_opacity=&#8221;1&#8243; background_hover_color_opacity=&#8221;1&#8243; column_backdrop_filter=&#8221;none&#8221; column_shadow=&#8221;none&#8221; column_border_radius=&#8221;none&#8221; column_link_target=&#8221;_self&#8221; column_position=&#8221;default&#8221; gradient_direction=&#8221;left_to_right&#8221; overlay_strength=&#8221;0.3&#8243; width=&#8221;1\/2&#8243; tablet_width_inherit=&#8221;default&#8221; animation_type=&#8221;default&#8221; bg_image_animation=&#8221;none&#8221; border_type=&#8221;simple&#8221; column_border_width=&#8221;none&#8221; column_border_style=&#8221;solid&#8221;][vc_column_text css=&#8221;&#8221; text_direction=&#8221;default&#8221;]<b>Sound of Science<\/b><\/p>\n<p>Comunicare la scienza con la musica<\/p>\n<p>Il microbiologo <b>Heribert Insam<\/b>, ex professore universitario e direttore dell&#8217;Istituto di Microbiologia dell&#8217;Universit\u00e0 di Innsbruck, e i musicisti professionisti <b>Patrizia Grawe<\/b> (<i>voce<\/i>) e <b>Sebastian Schweiger<\/b> (<i>pianoforte<\/i>) raccontano fatti e suscitano emozioni.<\/p>\n<p>L&#8217;obiettivo \u00e8 superare lo <b>scetticismo scientifico<\/b>. Viene comunicato l&#8217;importante ruolo dei microrganismi nella formazione dei gas serra e si intende contribuire a una migliore comprensione del <b>cambiamento climatico<\/b> e a ricavare opzioni di azione per l&#8217;individuo.<\/p>\n<p>Lo sviluppo del format \u00e8 stato sostenuto dal progetto Interreg CEDRIC, il cui contenuto scientifico \u00e8 il trapianto di microbiomi vegetali da localit\u00e0 a sud delle Alpi a quelle a nord delle Alpi. L&#8217;obiettivo \u00e8 migliorare la crescita dopo i cambiamenti climatici.<span class=\"Apple-converted-space\">\u00a0<\/span><\/p>\n<p><b>Spettacoli precedenti:<\/b><\/p>\n<p><b>Settembre 2024: <\/b>Trieste Next Science Festival con <a href=\"https:\/\/www.triestenext.it\/relatori\/sara-righetto-e-alessandro-pasqual-duo\/\">Sara Righetto e Alessandro Pasqual Duo<\/a><a href=\"https:\/\/www.triestenext.it\/tc-events\/microbi-e-clima\/\"><br \/>\n<\/a><\/p>\n<p><a href=\"https:\/\/www.youtube.com\/watch?v=gDDCVzh5N8M\">https:\/\/www.youtube.com\/watch?v=gDDCVzh5N8M<b><\/b><\/a><\/p>\n<p><b>Ottobre 2024: <\/b>Innsbruck Nature Film Festival e MINT Festival Lienz[\/vc_column_text][\/vc_column][vc_column column_padding=&#8221;no-extra-padding&#8221; column_padding_tablet=&#8221;inherit&#8221; column_padding_phone=&#8221;inherit&#8221; column_padding_position=&#8221;all&#8221; column_element_direction_desktop=&#8221;default&#8221; column_element_spacing=&#8221;default&#8221; desktop_text_alignment=&#8221;default&#8221; tablet_text_alignment=&#8221;default&#8221; phone_text_alignment=&#8221;default&#8221; background_color_opacity=&#8221;1&#8243; background_hover_color_opacity=&#8221;1&#8243; column_backdrop_filter=&#8221;none&#8221; column_shadow=&#8221;none&#8221; column_border_radius=&#8221;none&#8221; column_link_target=&#8221;_self&#8221; column_position=&#8221;default&#8221; gradient_direction=&#8221;left_to_right&#8221; overlay_strength=&#8221;0.3&#8243; width=&#8221;1\/2&#8243; tablet_width_inherit=&#8221;default&#8221; animation_type=&#8221;default&#8221; bg_image_animation=&#8221;none&#8221; border_type=&#8221;simple&#8221; column_border_width=&#8221;none&#8221; column_border_style=&#8221;solid&#8221;][vc_gallery css=&#8221;&#8221; type=&#8221;parallax_image_grid&#8221; images=&#8221;18555,18573,18558,18561&#8243;][\/vc_column][\/vc_row][vc_row type=&#8221;in_container&#8221; full_screen_row_position=&#8221;middle&#8221; column_margin=&#8221;default&#8221; column_direction=&#8221;default&#8221; column_direction_tablet=&#8221;default&#8221; column_direction_phone=&#8221;default&#8221; scene_position=&#8221;center&#8221; text_color=&#8221;dark&#8221; text_align=&#8221;left&#8221; row_border_radius=&#8221;none&#8221; row_border_radius_applies=&#8221;bg&#8221; overflow=&#8221;visible&#8221; overlay_strength=&#8221;0.3&#8243; gradient_direction=&#8221;left_to_right&#8221; shape_divider_position=&#8221;bottom&#8221; bg_image_animation=&#8221;none&#8221;][vc_column column_padding=&#8221;no-extra-padding&#8221; column_padding_tablet=&#8221;inherit&#8221; column_padding_phone=&#8221;inherit&#8221; column_padding_position=&#8221;all&#8221; column_element_direction_desktop=&#8221;default&#8221; column_element_spacing=&#8221;default&#8221; desktop_text_alignment=&#8221;default&#8221; tablet_text_alignment=&#8221;default&#8221; phone_text_alignment=&#8221;default&#8221; background_color_opacity=&#8221;1&#8243; background_hover_color_opacity=&#8221;1&#8243; column_backdrop_filter=&#8221;none&#8221; column_shadow=&#8221;none&#8221; column_border_radius=&#8221;none&#8221; column_link_target=&#8221;_self&#8221; column_position=&#8221;default&#8221; gradient_direction=&#8221;left_to_right&#8221; overlay_strength=&#8221;0.3&#8243; width=&#8221;1\/1&#8243; tablet_width_inherit=&#8221;default&#8221; animation_type=&#8221;default&#8221; bg_image_animation=&#8221;none&#8221; border_type=&#8221;simple&#8221; column_border_width=&#8221;none&#8221; column_border_style=&#8221;solid&#8221;][vc_gallery css=&#8221;&#8221; type=&#8221;parallax_image_grid&#8221; images=&#8221;18579,18567,18588,18564&#8243;][\/vc_column][\/vc_row]\n","protected":false},"excerpt":{"rendered":"<p>[vc_row type=&#8221;in_container&#8221; full_screen_row_position=&#8221;middle&#8221; column_margin=&#8221;default&#8221; column_direction=&#8221;default&#8221; column_direction_tablet=&#8221;default&#8221; column_direction_phone=&#8221;default&#8221; scene_position=&#8221;center&#8221; text_color=&#8221;dark&#8221; text_align=&#8221;left&#8221; row_border_radius=&#8221;none&#8221; row_border_radius_applies=&#8221;bg&#8221; overflow=&#8221;visible&#8221; overlay_strength=&#8221;0.3&#8243; gradient_direction=&#8221;left_to_right&#8221; shape_divider_position=&#8221;bottom&#8221; bg_image_animation=&#8221;none&#8221;][vc_column column_padding=&#8221;no-extra-padding&#8221; column_padding_tablet=&#8221;inherit&#8221; column_padding_phone=&#8221;inherit&#8221; column_padding_position=&#8221;all&#8221; column_element_direction_desktop=&#8221;default&#8221; column_element_spacing=&#8221;default&#8221; desktop_text_alignment=&#8221;default&#8221; tablet_text_alignment=&#8221;default&#8221; phone_text_alignment=&#8221;default&#8221; background_color_opacity=&#8221;1&#8243; background_hover_color_opacity=&#8221;1&#8243; column_backdrop_filter=&#8221;none&#8221; column_shadow=&#8221;none&#8221;&#8230;<\/p>\n","protected":false},"author":7,"featured_media":0,"parent":0,"menu_order":0,"comment_status":"closed","ping_status":"closed","template":"","meta":{"footnotes":""},"_links":{"self":[{"href":"https:\/\/www.mikrobalpina.org\/it\/wp-json\/wp\/v2\/pages\/18661"}],"collection":[{"href":"https:\/\/www.mikrobalpina.org\/it\/wp-json\/wp\/v2\/pages"}],"about":[{"href":"https:\/\/www.mikrobalpina.org\/it\/wp-json\/wp\/v2\/types\/page"}],"author":[{"embeddable":true,"href":"https:\/\/www.mikrobalpina.org\/it\/wp-json\/wp\/v2\/users\/7"}],"replies":[{"embeddable":true,"href":"https:\/\/www.mikrobalpina.org\/it\/wp-json\/wp\/v2\/comments?post=18661"}],"version-history":[{"count":10,"href":"https:\/\/www.mikrobalpina.org\/it\/wp-json\/wp\/v2\/pages\/18661\/revisions"}],"predecessor-version":[{"id":18685,"href":"https:\/\/www.mikrobalpina.org\/it\/wp-json\/wp\/v2\/pages\/18661\/revisions\/18685"}],"wp:attachment":[{"href":"https:\/\/www.mikrobalpina.org\/it\/wp-json\/wp\/v2\/media?parent=18661"}],"curies":[{"name":"wp","href":"https:\/\/api.w.org\/{rel}","templated":true}]}}